{"id":9,"date":"2018-06-06T16:14:54","date_gmt":"2018-06-06T16:14:54","guid":{"rendered":"http:\/\/allgemeiner-mieterschutzverein-borken.de\/?page_id=9"},"modified":"2018-06-07T08:41:29","modified_gmt":"2018-06-07T08:41:29","slug":"info","status":"publish","type":"page","link":"https:\/\/allgemeiner-mieterschutzverein-borken.de\/?page_id=9","title":{"rendered":"Info"},"content":{"rendered":"<p>Info<br \/>\nAllgemeinen Mieterschutzverein e.V. in Borken<br \/>\nMieterverein f\u00fcr Borken und Umgebung e.V.<br \/>\nVereinsvorstand: Hiltrud Busskamp<br \/>\nRechtsanw\u00e4ltin &#8211; Fachanw\u00e4ltin f\u00fcr Miet- &amp; Wohneigentumsrecht<\/p>\n<p>Der Allgemeine Mieterschutzverein e.V. Borken<br \/>\nist eingetragen beim Amtsgericht Borken unter der Nr. VR 775. Die Vorsitzende vertritt den Verein allein. Die Vereinssatzung ist am 21.07.1973 errichtet, ge\u00e4ndert am 20.07.1990 und zuletzt ge\u00e4ndert am 22.12.2003 Der Allgemeine Mieterschutzverein e.V. Borken ist der einzige Mieterschutzverein in Borken<\/p>\n<p>Eine Beratung findet statt bei Fragen von<br \/>\n\u2022 Wohnungsm\u00e4ngeln und Mietminderungen<br \/>\n\u2022 Modernisierungen von Wohnungen<br \/>\n\u2022 Mieterh\u00f6hungen<br \/>\n\u2022 Umwandlung von Miet- in Eigentumswohnung u.s.w.<br \/>\n\u2022 Umzugskosten<br \/>\n\u2022 Betriebskostenabrechnungen<br \/>\n\u2022 K\u00fcndigung und Mieterschutz<\/p>\n<p>\u2022 Beratungen finden nur im Rahmen der Mitgliedschaft statt:<\/p>\n<p>Eheleute und nicht eheliche Lebensgemienschaften k\u00f6nnen zusammen die Mitgliedschaft \u00fcber die gemeinsame bewohnte Wohnung beantragen. Sie k\u00f6nnen die Formulare online ausf\u00fcllen oder das Pdf-Doc ausdrucken, ausf\u00fcllen und zufaxen um ihre Mitglicdschaft zu beantragen<br \/>\n<a href=\"https:\/\/allgemeiner-mieterschutzverein-borken.de\/20180607102856809.pdf\">Beitrittserkl\u00e4rung Einzugserm\u00e4chtigung<\/a><\/p>\n<p>\u2022 Beratungstermine sind vorher mit dem B\u00fcro zu vereinbaren.<br \/>\n\u2022 \u00d6ffnungszeiten: T\u00e4glich ab 9.00 Uhr<br \/>\n\u2022 Sprechzeiten: Donnerstags 9.00 &#8211; 12.30 Uhr und 14.30 &#8211; 17.00 Uhr<\/p>\n","protected":false},"excerpt":{"rendered":"<p>Info Allgemeinen Mieterschutzverein e.V. in Borken Mieterverein f\u00fcr Borken und Umgebung e.V. Vereinsvorstand: Hiltrud Busskamp Rechtsanw\u00e4ltin &#8211; Fachanw\u00e4ltin f\u00fcr Miet- &amp; Wohneigentumsrecht Der Allgemeine Mieterschutzverein e.V. Borken ist eingetragen beim Amtsgericht Borken unter der Nr. VR 775. Die Vorsitzende vertritt den Verein allein. Die Vereinssatzung ist am 21.07.1973 errichtet, ge\u00e4ndert am 20.07.1990 und zuletzt ge\u00e4ndert &hellip; <\/p>\n<p class=\"link-more\"><a href=\"https:\/\/allgemeiner-mieterschutzverein-borken.de\/?page_id=9\" class=\"more-link\"><span class=\"screen-reader-text\">\u201eInfo\u201c<\/span> weiterlesen<\/a><\/p>\n","protected":false},"author":1,"featured_media":0,"parent":0,"menu_order":0,"comment_status":"closed","ping_status":"closed","template":"","meta":{"footnotes":""},"class_list":["post-9","page","type-page","status-publish","hentry"],"_links":{"self":[{"href":"https:\/\/allgemeiner-mieterschutzverein-borken.de\/index.php?rest_route=\/wp\/v2\/pages\/9","targetHints":{"allow":["GET"]}}],"collection":[{"href":"https:\/\/allgemeiner-mieterschutzverein-borken.de\/index.php?rest_route=\/wp\/v2\/pages"}],"about":[{"href":"https:\/\/allgemeiner-mieterschutzverein-borken.de\/index.php?rest_route=\/wp\/v2\/types\/page"}],"author":[{"embeddable":true,"href":"https:\/\/allgemeiner-mieterschutzverein-borken.de\/index.php?rest_route=\/wp\/v2\/users\/1"}],"replies":[{"embeddable":true,"href":"https:\/\/allgemeiner-mieterschutzverein-borken.de\/index.php?rest_route=%2Fwp%2Fv2%2Fcomments&post=9"}],"version-history":[{"count":2,"href":"https:\/\/allgemeiner-mieterschutzverein-borken.de\/index.php?rest_route=\/wp\/v2\/pages\/9\/revisions"}],"predecessor-version":[{"id":28,"href":"https:\/\/allgemeiner-mieterschutzverein-borken.de\/index.php?rest_route=\/wp\/v2\/pages\/9\/revisions\/28"}],"wp:attachment":[{"href":"https:\/\/allgemeiner-mieterschutzverein-borken.de\/index.php?rest_route=%2Fwp%2Fv2%2Fmedia&parent=9"}],"curies":[{"name":"wp","href":"https:\/\/api.w.org\/{rel}","templated":true}]}}