{"id":7,"date":"2018-06-06T16:14:29","date_gmt":"2018-06-06T16:14:29","guid":{"rendered":"http:\/\/allgemeiner-mieterschutzverein-borken.de\/?page_id=7"},"modified":"2018-06-06T16:14:29","modified_gmt":"2018-06-06T16:14:29","slug":"kontakt","status":"publish","type":"page","link":"https:\/\/allgemeiner-mieterschutzverein-borken.de\/?page_id=7","title":{"rendered":"Kontakt"},"content":{"rendered":"<p>kontakt<br \/>\nAllgemeinen Mieterschutzverein e.V. in Borken<br \/>\nMieterverein f\u00fcr Borken und Umgebung e.V.<br \/>\nHiltrud Busskamp<br \/>\nRechtsanw\u00e4ltin<br \/>\nFachanw\u00e4ltin f\u00fcr Miet- und Wohneigentumsrecht<\/p>\n<p>Hausanschrift Gesch\u00e4ftsstelle Borken:<br \/>\nMarkt 6<br \/>\n46325 Borken<br \/>\nTelefon 02861-808 99 72<br \/>\nTelefax 02861-808 99 73<\/p>\n<p>email: kontakt@allgemeiner-mieterschutzverein-borken.de<\/p>\n<p>\u00d6ffnungszeiten: T\u00e4glich ab 9.00 Uhr<br \/>\nSprechzeiten: Donnerstags 9.00 &#8211; 12.30 Uhr und 14.30 &#8211; 17.00 Uhr<\/p>\n","protected":false},"excerpt":{"rendered":"<p>kontakt Allgemeinen Mieterschutzverein e.V. in Borken Mieterverein f\u00fcr Borken und Umgebung e.V. Hiltrud Busskamp Rechtsanw\u00e4ltin Fachanw\u00e4ltin f\u00fcr Miet- und Wohneigentumsrecht Hausanschrift Gesch\u00e4ftsstelle Borken: Markt 6 46325 Borken Telefon 02861-808 99 72 Telefax 02861-808 99 73 email: kontakt@allgemeiner-mieterschutzverein-borken.de \u00d6ffnungszeiten: T\u00e4glich ab 9.00 Uhr Sprechzeiten: Donnerstags 9.00 &#8211; 12.30 Uhr und 14.30 &#8211; 17.00 Uhr<\/p>\n","protected":false},"author":1,"featured_media":0,"parent":0,"menu_order":0,"comment_status":"closed","ping_status":"closed","template":"","meta":{"footnotes":""},"class_list":["post-7","page","type-page","status-publish","hentry"],"_links":{"self":[{"href":"https:\/\/allgemeiner-mieterschutzverein-borken.de\/index.php?rest_route=\/wp\/v2\/pages\/7","targetHints":{"allow":["GET"]}}],"collection":[{"href":"https:\/\/allgemeiner-mieterschutzverein-borken.de\/index.php?rest_route=\/wp\/v2\/pages"}],"about":[{"href":"https:\/\/allgemeiner-mieterschutzverein-borken.de\/index.php?rest_route=\/wp\/v2\/types\/page"}],"author":[{"embeddable":true,"href":"https:\/\/allgemeiner-mieterschutzverein-borken.de\/index.php?rest_route=\/wp\/v2\/users\/1"}],"replies":[{"embeddable":true,"href":"https:\/\/allgemeiner-mieterschutzverein-borken.de\/index.php?rest_route=%2Fwp%2Fv2%2Fcomments&post=7"}],"version-history":[{"count":1,"href":"https:\/\/allgemeiner-mieterschutzverein-borken.de\/index.php?rest_route=\/wp\/v2\/pages\/7\/revisions"}],"predecessor-version":[{"id":8,"href":"https:\/\/allgemeiner-mieterschutzverein-borken.de\/index.php?rest_route=\/wp\/v2\/pages\/7\/revisions\/8"}],"wp:attachment":[{"href":"https:\/\/allgemeiner-mieterschutzverein-borken.de\/index.php?rest_route=%2Fwp%2Fv2%2Fmedia&parent=7"}],"curies":[{"name":"wp","href":"https:\/\/api.w.org\/{rel}","templated":true}]}}