{"id":11,"date":"2018-06-06T16:15:25","date_gmt":"2018-06-06T16:15:25","guid":{"rendered":"http:\/\/allgemeiner-mieterschutzverein-borken.de\/?page_id=11"},"modified":"2018-06-06T16:15:25","modified_gmt":"2018-06-06T16:15:25","slug":"impressum","status":"publish","type":"page","link":"https:\/\/allgemeiner-mieterschutzverein-borken.de\/?page_id=11","title":{"rendered":"Impressum"},"content":{"rendered":"<p>Impressum<br \/>\nAllgemeinen Mieterschutzverein e.V. in Borken<br \/>\nMieterverein f\u00fcr Borken und Umgebung e.V.<br \/>\nist eingetragen beim Amtsgericht Borken unter der Nr. VR 775. Die Vorsitzende vertritt den Verein allein. Die Vereinssatzung ist am 21.07.1973 errichtet, ge\u00e4ndert am 20.07.1990 und zuletzt ge\u00e4ndert am 22.12.2003 Der Allgemeine Mieterschutzverein e.V. Borken ist der einzige Mieterschutzverein in Borken<\/p>\n<p>Vereinsvorstand:<br \/>\nHiltrud Busskamp, Rechtsanw\u00e4ltin &#8211; Fachanw\u00e4ltin f\u00fcr Miet- &amp; Wohneigentumsrecht.<\/p>\n<p>Hinweise gem. \u00a7 6 Teledienstgesetz (TDG) erstellt durch: Rechtsanw\u00e4ltin Hiltrud Busskamp<\/p>\n<p>Hausanschrift<br \/>\nGesch\u00e4ftsstelle Borken: Markt 6, 46325 Borken<br \/>\nTelefon 02861-808 99 72, Telefax 02861-808 99 73<br \/>\nemail: kontakt@allgemeiner-mieterschutzverein-borken.de<br \/>\nBankverbindung: Sparkasse Westm\u00fcnsterland Konto 9290 Bankleitzahl: 401 545 30<\/p>\n<p>Verantwortlich Rechtsanw\u00e4ltin Hiltrud Busskamp.<\/p>\n<p>Haftungshinweis:<br \/>\nTrotz sorgf\u00e4ltiger inhaltlicher Kontrolle \u00fcbernehmen wir keine Haftung f\u00fcr die Inhalte externer Links. F\u00fcr den Inhalt der verlinkten Seiten sind ausschlie\u00dflich deren Betreiber verantwortlich.<\/p>\n<p>Rechtshinweis:<br \/>\nLaut \u00a7 22 des Gesetz betreffend das Urheberrecht an Werken der bildenden K\u00fcnste und der Photographie (KUG) d\u00fcrfen Bildnisse nur mit der Einwilligung der abgebildeten Personen \u00f6ffentlich zur Schau gestellt werden. F\u00fcr alle hier abgebildeten Fotos ist dem Domaininhaber das ausschlie\u00dfliche Nutzungsrecht einger\u00e4umt worden. Ebenso hat der Domaininhaber das ausschlie\u00dfliche Nutzungsrecht nach \u00a7 31 Abs. 3 UrhG an der Website. Wird widerrechtlich das dem Domaininhaber einger\u00e4umte Verwertungsrecht aus dem UrhG oder dem KUG verletzt, muss mit Geldstrafe oder mit Freiheitsstrafe bis zu einem Jahr rechnen, \u00a7 97 Abs. 1 UrhG, \u00a7 33 KUG. Alle dem Domaininhaber bekannten vorbenannten Verletzungen werden zur Anzeige gebracht.<\/p>\n<p>Kein Teil der Publikation dieser website, darf ohne ausdr\u00fcckliche schriftliche Genehmigung von Carsten F. Bacher in irgendeiner Form reproduziert oder unter Verwendung elektronischer Systeme verarbeitet, vervielf\u00e4ltigt oder verbreitet werden. Alle dar\u00fcber hinausgehende Handlungen bed\u00fcrfen einer vorherigen schriftlichen Zustimmung durch Carsten F. Bacher. Verst\u00f6\u00dfe werden nach rechtlicher W\u00fcrdigung mit einer Anzeige wegen eines Verstosses gegen das Urheberrechtsgesetz verfolgt.<\/p>\n","protected":false},"excerpt":{"rendered":"<p>Impressum Allgemeinen Mieterschutzverein e.V. in Borken Mieterverein f\u00fcr Borken und Umgebung e.V. ist eingetragen beim Amtsgericht Borken unter der Nr. VR 775. Die Vorsitzende vertritt den Verein allein. Die Vereinssatzung ist am 21.07.1973 errichtet, ge\u00e4ndert am 20.07.1990 und zuletzt ge\u00e4ndert am 22.12.2003 Der Allgemeine Mieterschutzverein e.V. Borken ist der einzige Mieterschutzverein in Borken Vereinsvorstand: Hiltrud &hellip; <\/p>\n<p class=\"link-more\"><a href=\"https:\/\/allgemeiner-mieterschutzverein-borken.de\/?page_id=11\" class=\"more-link\"><span class=\"screen-reader-text\">\u201eImpressum\u201c<\/span> weiterlesen<\/a><\/p>\n","protected":false},"author":1,"featured_media":0,"parent":0,"menu_order":0,"comment_status":"closed","ping_status":"closed","template":"","meta":{"footnotes":""},"class_list":["post-11","page","type-page","status-publish","hentry"],"_links":{"self":[{"href":"https:\/\/allgemeiner-mieterschutzverein-borken.de\/index.php?rest_route=\/wp\/v2\/pages\/11","targetHints":{"allow":["GET"]}}],"collection":[{"href":"https:\/\/allgemeiner-mieterschutzverein-borken.de\/index.php?rest_route=\/wp\/v2\/pages"}],"about":[{"href":"https:\/\/allgemeiner-mieterschutzverein-borken.de\/index.php?rest_route=\/wp\/v2\/types\/page"}],"author":[{"embeddable":true,"href":"https:\/\/allgemeiner-mieterschutzverein-borken.de\/index.php?rest_route=\/wp\/v2\/users\/1"}],"replies":[{"embeddable":true,"href":"https:\/\/allgemeiner-mieterschutzverein-borken.de\/index.php?rest_route=%2Fwp%2Fv2%2Fcomments&post=11"}],"version-history":[{"count":1,"href":"https:\/\/allgemeiner-mieterschutzverein-borken.de\/index.php?rest_route=\/wp\/v2\/pages\/11\/revisions"}],"predecessor-version":[{"id":12,"href":"https:\/\/allgemeiner-mieterschutzverein-borken.de\/index.php?rest_route=\/wp\/v2\/pages\/11\/revisions\/12"}],"wp:attachment":[{"href":"https:\/\/allgemeiner-mieterschutzverein-borken.de\/index.php?rest_route=%2Fwp%2Fv2%2Fmedia&parent=11"}],"curies":[{"name":"wp","href":"https:\/\/api.w.org\/{rel}","templated":true}]}}